{"id":7,"date":"2012-11-17T11:01:58","date_gmt":"2012-11-17T10:01:58","guid":{"rendered":"http:\/\/www.vorostorony.hu\/vorostorony-fogado-mor\/?page_id=7"},"modified":"2021-06-28T22:08:34","modified_gmt":"2021-06-28T20:08:34","slug":"szolgaltatasaink","status":"publish","type":"page","link":"https:\/\/www.vorostorony.hu\/vorostorony-fogado-mor\/szolgaltatasaink\/","title":{"rendered":"Szolg\u00e1ltat\u00e1saink"},"content":{"rendered":"\n<h2 class=\"wp-block-heading\"><strong>Szolg\u00e1ltat\u00e1saink A-Z<\/strong><\/h2>\n\n\n\n<ul class=\"wp-block-list\"><li>\u00c1gynem\u0171csere-\nhetente \/ ig\u00e9ny szerint hetente 2 alaklommal <\/li><li>Cip\u0151tiszt\u00edt\u00f3\neszk\u00f6z\u00f6k\/ ig\u00e9ny szerint haszn\u00e1lhat\u00f3 t\u00e9r\u00edt\u00e9s n\u00e9lk\u00fcl<\/li><li>Csomag\nmeg\u0151rz\u00e9s\/ t\u00e9r\u00edt\u00e9s n\u00e9lk\u00fcl<\/li><li>Csomagsz\u00e1ll\u00edt\u00e1si\nszolg\u00e1ltat\u00e1s\/ ig\u00e9ny szerint<\/li><li>Dolgoz\u00f3\n\u00e9s \u00fczleti sarok\/ Vend\u00e9geink munk\u00e1j\u00e1hoz, megbesz\u00e9l\u00e9sekhez<\/li><li>\u00c9breszt\u0151\u00f3ra\na szob\u00e1kban<\/li><li>Grillez\u00e9si\nlehet\u0151s\u00e9g a kertben\/t\u00e9r\u00edt\u00e9s n\u00e9lk\u00fcl<\/li><li>Hajsz\u00e1r\u00edt\u00f3\na f\u00fcrd\u0151szob\u00e1kban<\/li><li>Helyi\nterm\u00e9kek \u00e9rt\u00e9kes\u00edt\u00e9se \/ borok, lekv\u00e1rok\u2026\/<\/li><li>Hitelk\u00e1rtya\nelfogad\u00e1s<\/li><li>H\u0171t\u00f6tt\nitalok \u00e9rt\u00e9kes\u00edt\u00e9se<\/li><li>Inform\u00e1ci\u00f3s\nanyagok, \u00edr\u00f3lap, jegyzetf\u00fczet, bor\u00edt\u00e9k a szob\u00e1kban<\/li><li>Infra\nszauna haszn\u00e1lat\/ t\u00e9r\u00edt\u00e9ses<\/li><li>Internet\nvezet\u00e9k n\u00e9lk\u00fcl\/ t\u00e9r\u00edt\u00e9s n\u00e9lk\u00fcl, a Panzi\u00f3 ter\u00fclet\u00e9n<\/li><li>Ker\u00e9kp\u00e1r\nhaszn\u00e1lat\/ ig\u00e9ny szerint, t\u00e9r\u00edt\u00e9s n\u00e9lk\u00fcl<\/li><li>Kl\u00edma\nhaszn\u00e1lat\/ t\u00e9r\u00edt\u00e9s n\u00e9lk\u00fcl<\/li><li>Mos\u00e1s\nszolg\u00e1ltat\u00e1s\/ ig\u00e9ny szerint, t\u00e9r\u00edt\u00e9ses<\/li><li>Parkol\u00f3\nhaszn\u00e1lat\/ K\u00f6zvetlen a panzi\u00f3 el\u0151tt, kamer\u00e1val megfigyelten\/ t\u00e9r\u00edt\u00e9s n\u00e9lk\u00fcl<\/li><li>Plusz\ntakar\u00f3 \u00e9s p\u00e1rna\/ ig\u00e9ny szerint<\/li><li>Programszervez\u00e9s\nig\u00e9ny eset\u00e9n\/ t\u00e9r\u00edt\u00e9ses<\/li><li>R\u00e1di\u00f3,\nTV a szob\u00e1kban<\/li><li>Recepci\u00f3\nnaponta 7.00-22.00-ig szem\u00e9lyzettel \/ Magyar- Angol\/, telefonon a nap 24\n\u00f3r\u00e1j\u00e1ban<\/li><li>Reggeli\/\nt\u00e9r\u00edt\u00e9ses<\/li><li>Rendezv\u00e9nypince\nhaszn\u00e1lat\/ t\u00e9r\u00edt\u00e9ses<\/li><li>Szennyesruha\nzs\u00e1k<\/li><li>szobai\nsz\u00e9f haszn\u00e1lat<\/li><li>szob\u00e1k\nteljes f\u00e9nyelz\u00e1r\u00e1sa\/ red\u0151ny\u00f6k<\/li><li>Takar\u00edt\u00e1s\nnaponta<\/li><li>Tiszt\u00e1lkod\u00e1si\nszerek\/ fogkefe, borotva, tusf\u00fcrd\u0151, szappan<\/li><li>T\u00f6r\u00f6lk\u00f6z\u0151\ncsere 2 naponta\/ ig\u00e9ny szerint gyakrabban<\/li><li>Vasal\u00e1s\nszolg\u00e1ltat\u00e1s\/ ig\u00e9ny szerint t\u00e9r\u00edt\u00e9ses<\/li><li>Varr\u00e1s\nszolg\u00e1ltat\u00e1s\/ ig\u00e9ny szerint kisebb jav\u00edt\u00e1sok\/t\u00e9r\u00edt\u00e9ses<\/li><li>Vend\u00e9gtelefon\nig\u00e9nyelhet\u0151 a recepci\u00f3n<\/li><\/ul>\n\n\n\n<p>Panzi\u00f3nkban eg\u00e9sz \u00e9vben v\u00e1rjuk a kedves vend\u00e9geket. A szob\u00e1ink mindegyike ig\u00e9nyesen berendezett, tiszta, Sat TV-vel, kl\u00edm\u00e1val, h\u0171t\u0151szekr\u00e9nnyel felszerelt. A szob\u00e1kban korl\u00e1tlan WIFI kapcsolat \u00e1ll rendelkez\u00e9sre, ami kiemelked\u0151 min\u0151s\u00e9g\u0171, gyors internetez\u00e9sre alkalmas. Vend\u00e9geink v\u00e9lem\u00e9nye szerint \u201eBudapest legjobb sz\u00e1llod\u00e1iban nincs ilyen internet\u201d mint n\u00e1lunk. B\u00e1tran skype-olhatnak ak\u00e1r mindannyian egyszerre is!<\/p>\n\n\n\n<div class=\"wp-block-image\"><figure class=\"alignright size-large is-resized\"><img loading=\"lazy\" decoding=\"async\" src=\"https:\/\/www.vorostorony.hu\/vorostorony-fogado-mor\/wp-content\/uploads\/vorostorony_panoramakep_003-800x748.jpg\" alt=\"\" class=\"wp-image-1038\" width=\"200\" height=\"187\" srcset=\"https:\/\/www.vorostorony.hu\/vorostorony-fogado-mor\/wp-content\/uploads\/vorostorony_panoramakep_003-800x748.jpg 800w, https:\/\/www.vorostorony.hu\/vorostorony-fogado-mor\/wp-content\/uploads\/vorostorony_panoramakep_003-150x140.jpg 150w, https:\/\/www.vorostorony.hu\/vorostorony-fogado-mor\/wp-content\/uploads\/vorostorony_panoramakep_003-768x718.jpg 768w, https:\/\/www.vorostorony.hu\/vorostorony-fogado-mor\/wp-content\/uploads\/vorostorony_panoramakep_003.jpg 843w\" sizes=\"auto, (max-width: 200px) 100vw, 200px\" \/><\/figure><\/div>\n\n\n\n<p>Mindezek mellett rendelkez\u00fcnk egy kicsi \u00e9tteremmel, ahol sz\u00fcks\u00e9g szerint elismerten ig\u00e9nyes reggelivel \u00e1llunk rendelkez\u00e9sre.<\/p>\n\n\n\n<p>A recepci\u00f3n tal\u00e1lhat\u00f3 sz\u00e9fben t\u00e9r\u00edt\u00e9s n\u00e9lk\u00fcl meg\u0151rizz\u00fck \u00e9rt\u00e9keiket.<\/p>\n\n\n\n<p>A panzi\u00f3nak van n\u00e9h\u00e1ny ker\u00e9kp\u00e1rja, amit nagy el\u0151szeretettel haszn\u00e1lnak a vend\u00e9geink. Ezeket szint\u00e9n t\u00e9r\u00edt\u00e9s n\u00e9lk\u00fcl vehetik ig\u00e9nybe.<\/p>\n\n\n\n<p>Ahhoz, hogy igaz\u00e1n kipihenhess\u00e9k magukat vend\u00e9geink, kialak\u00edtottunk egy \u201erelax-z\u00f3n\u00e1t\u201d, ahol Carbon szauna (benne haszn\u00e1lhat\u00f3 WIFI), \u00e9s massz\u00e1zsfotel \u00e1ll rendelkez\u00e9sre.<\/p>\n\n\n\n<div class=\"wp-block-image\"><figure class=\"alignleft size-large is-resized\"><img loading=\"lazy\" decoding=\"async\" src=\"https:\/\/www.vorostorony.hu\/vorostorony-fogado-mor\/wp-content\/uploads\/vorostorony_kep_008-800x534.jpg\" alt=\"\" class=\"wp-image-1020\" width=\"200\" height=\"134\" srcset=\"https:\/\/www.vorostorony.hu\/vorostorony-fogado-mor\/wp-content\/uploads\/vorostorony_kep_008-800x534.jpg 800w, https:\/\/www.vorostorony.hu\/vorostorony-fogado-mor\/wp-content\/uploads\/vorostorony_kep_008-150x100.jpg 150w, https:\/\/www.vorostorony.hu\/vorostorony-fogado-mor\/wp-content\/uploads\/vorostorony_kep_008-768x512.jpg 768w, https:\/\/www.vorostorony.hu\/vorostorony-fogado-mor\/wp-content\/uploads\/vorostorony_kep_008.jpg 1000w\" sizes=\"auto, (max-width: 200px) 100vw, 200px\" \/><\/figure><\/div>\n\n\n\n<p>Berendezkedt\u00fcnk a hossz\u00fa t\u00e1v\u00fa &nbsp;itt tart\u00f3zkod\u00e1sra is. A panzi\u00f3 mellett l\u00e9trehoztunk egy meghitt, eldugott kis kertet, ami t\u00f6k\u00e9letes grillez\u00e9si lehet\u0151s\u00e9get k\u00edn\u00e1l haszn\u00e1l\u00f3i sz\u00e1m\u00e1ra. Itt a kerti b\u00fatorok \u00e9s naperny\u0151k\u00f6n k\u00edv\u00fcl egy modern grills\u00fct\u0151 is rendelkez\u00e9sre \u00e1ll, a szabadid\u0151 kellemes elt\u00f6lt\u00e9s\u00e9hez.<\/p>\n\n\n\n<p>Azoknak a kedves vend\u00e9geinknek, akik ig\u00e9nylik, a mosod\u00e1nk is haszn\u00e1lhat\u00f3.<\/p>\n","protected":false},"excerpt":{"rendered":"<p>Szolg\u00e1ltat\u00e1saink A-Z \u00c1gynem\u0171csere- hetente \/ ig\u00e9ny szerint hetente 2 alaklommal Cip\u0151tiszt\u00edt\u00f3 eszk\u00f6z\u00f6k\/ ig\u00e9ny szerint haszn\u00e1lhat\u00f3 t\u00e9r\u00edt\u00e9s n\u00e9lk\u00fcl Csomag meg\u0151rz\u00e9s\/ t\u00e9r\u00edt\u00e9s n\u00e9lk\u00fcl Csomagsz\u00e1ll\u00edt\u00e1si szolg\u00e1ltat\u00e1s\/ ig\u00e9ny szerint Dolgoz\u00f3 \u00e9s \u00fczleti sarok\/ Vend\u00e9geink munk\u00e1j\u00e1hoz, megbesz\u00e9l\u00e9sekhez \u00c9breszt\u0151\u00f3ra a szob\u00e1kban Grillez\u00e9si lehet\u0151s\u00e9g a kertben\/t\u00e9r\u00edt\u00e9s n\u00e9lk\u00fcl &hellip; <a href=\"https:\/\/www.vorostorony.hu\/vorostorony-fogado-mor\/szolgaltatasaink\/\">Egy kattint\u00e1s ide a folytat\u00e1shoz&#8230;. <span class=\"meta-nav\">&rarr;<\/span><\/a><\/p>\n","protected":false},"author":12,"featured_media":0,"parent":0,"menu_order":2,"comment_status":"closed","ping_status":"open","template":"","meta":{"footnotes":""},"class_list":["post-7","page","type-page","status-publish","hentry"],"_links":{"self":[{"href":"https:\/\/www.vorostorony.hu\/vorostorony-fogado-mor\/wp-json\/wp\/v2\/pages\/7","targetHints":{"allow":["GET"]}}],"collection":[{"href":"https:\/\/www.vorostorony.hu\/vorostorony-fogado-mor\/wp-json\/wp\/v2\/pages"}],"about":[{"href":"https:\/\/www.vorostorony.hu\/vorostorony-fogado-mor\/wp-json\/wp\/v2\/types\/page"}],"author":[{"embeddable":true,"href":"https:\/\/www.vorostorony.hu\/vorostorony-fogado-mor\/wp-json\/wp\/v2\/users\/12"}],"replies":[{"embeddable":true,"href":"https:\/\/www.vorostorony.hu\/vorostorony-fogado-mor\/wp-json\/wp\/v2\/comments?post=7"}],"version-history":[{"count":0,"href":"https:\/\/www.vorostorony.hu\/vorostorony-fogado-mor\/wp-json\/wp\/v2\/pages\/7\/revisions"}],"wp:attachment":[{"href":"https:\/\/www.vorostorony.hu\/vorostorony-fogado-mor\/wp-json\/wp\/v2\/media?parent=7"}],"curies":[{"name":"wp","href":"https:\/\/api.w.org\/{rel}","templated":true}]}}