{"id":28,"date":"2012-11-17T12:01:49","date_gmt":"2012-11-17T11:01:49","guid":{"rendered":"http:\/\/www.vorostorony.hu\/vorostorony-fogado-mor\/?page_id=28"},"modified":"2021-06-28T22:13:29","modified_gmt":"2021-06-28T20:13:29","slug":"fontos-informaciok-important-informations","status":"publish","type":"page","link":"https:\/\/www.vorostorony.hu\/vorostorony-fogado-mor\/fontos-informaciok-important-informations\/","title":{"rendered":"Fontos inform\u00e1ci\u00f3k \/ Important informations"},"content":{"rendered":"\n<ul class=\"wp-block-list\"><li>Szob\u00e1ink d\u00e9lut\u00e1n 14 \u00f3r\u00e1t\u00f3l, m\u00e1snap d\u00e9lel\u0151tt 10 \u00f3r\u00e1ig \u00e1llnak rendelkez\u00e9s\u00fckre<br><em>(The day of arrival the room can be occupied from 14pm.The day of departure the room must be vacated until 10am.)<\/em><\/li><li>Reggeli naponta 7.30 \u00e9s 9 \u00f3ra k\u00f6z\u00f6tt<br><em>(Breakfast available between 7:30 &#8211; 9:00.)<\/em><\/li><li>A recepci\u00f3nk naponta 23 \u00f3r\u00e1ig fogadja az \u00e9rkez\u0151ket, az ett\u0151l k\u00e9s\u0151bbi \u00e9rkez\u00e9st k\u00e9rj\u00fck, sz\u00edveskedjenek el\u0151re jelezni<br><em>(Reception service daily until 11pm, PLEASE NOTIFY US IF YOU ARRIVE AFTER 11PM!)<\/em><\/li><li>K\u00e9rj\u00fck, hogy az idegen nyelven val\u00f3 \u00e9rdekl\u0151d\u00e9s\u00fcket, foglal\u00e1sukat, \u00edr\u00e1sban k\u00fcldj\u00e9k e-mail c\u00edm\u00fcnkre<br>(Please in foreign language send your inquiry or booking in writing to our e-mail address: info@vorostorony.hu)<\/li><\/ul>\n\n\n\n<figure class=\"wp-block-image size-large\"><img loading=\"lazy\" decoding=\"async\" width=\"800\" height=\"245\" src=\"https:\/\/www.vorostorony.hu\/vorostorony-fogado-mor\/wp-content\/uploads\/vorostorony_panoramakep_002-800x245.jpg\" alt=\"\" class=\"wp-image-1037\" srcset=\"https:\/\/www.vorostorony.hu\/vorostorony-fogado-mor\/wp-content\/uploads\/vorostorony_panoramakep_002-800x245.jpg 800w, https:\/\/www.vorostorony.hu\/vorostorony-fogado-mor\/wp-content\/uploads\/vorostorony_panoramakep_002-150x46.jpg 150w, https:\/\/www.vorostorony.hu\/vorostorony-fogado-mor\/wp-content\/uploads\/vorostorony_panoramakep_002-768x235.jpg 768w, https:\/\/www.vorostorony.hu\/vorostorony-fogado-mor\/wp-content\/uploads\/vorostorony_panoramakep_002.jpg 1000w\" sizes=\"auto, (max-width: 800px) 100vw, 800px\" \/><\/figure>\n","protected":false},"excerpt":{"rendered":"<p>Szob\u00e1ink d\u00e9lut\u00e1n 14 \u00f3r\u00e1t\u00f3l, m\u00e1snap d\u00e9lel\u0151tt 10 \u00f3r\u00e1ig \u00e1llnak rendelkez\u00e9s\u00fckre(The day of arrival the room can be occupied from 14pm.The day of departure the room must be vacated until 10am.) Reggeli naponta 7.30 \u00e9s 9 \u00f3ra k\u00f6z\u00f6tt(Breakfast available between 7:30 &hellip; <a href=\"https:\/\/www.vorostorony.hu\/vorostorony-fogado-mor\/fontos-informaciok-important-informations\/\">Egy kattint\u00e1s ide a folytat\u00e1shoz&#8230;. <span class=\"meta-nav\">&rarr;<\/span><\/a><\/p>\n","protected":false},"author":12,"featured_media":0,"parent":0,"menu_order":7,"comment_status":"closed","ping_status":"open","template":"","meta":{"footnotes":""},"class_list":["post-28","page","type-page","status-publish","hentry"],"_links":{"self":[{"href":"https:\/\/www.vorostorony.hu\/vorostorony-fogado-mor\/wp-json\/wp\/v2\/pages\/28","targetHints":{"allow":["GET"]}}],"collection":[{"href":"https:\/\/www.vorostorony.hu\/vorostorony-fogado-mor\/wp-json\/wp\/v2\/pages"}],"about":[{"href":"https:\/\/www.vorostorony.hu\/vorostorony-fogado-mor\/wp-json\/wp\/v2\/types\/page"}],"author":[{"embeddable":true,"href":"https:\/\/www.vorostorony.hu\/vorostorony-fogado-mor\/wp-json\/wp\/v2\/users\/12"}],"replies":[{"embeddable":true,"href":"https:\/\/www.vorostorony.hu\/vorostorony-fogado-mor\/wp-json\/wp\/v2\/comments?post=28"}],"version-history":[{"count":0,"href":"https:\/\/www.vorostorony.hu\/vorostorony-fogado-mor\/wp-json\/wp\/v2\/pages\/28\/revisions"}],"wp:attachment":[{"href":"https:\/\/www.vorostorony.hu\/vorostorony-fogado-mor\/wp-json\/wp\/v2\/media?parent=28"}],"curies":[{"name":"wp","href":"https:\/\/api.w.org\/{rel}","templated":true}]}}