{"id":24,"date":"2012-11-17T11:59:52","date_gmt":"2012-11-17T10:59:52","guid":{"rendered":"http:\/\/www.vorostorony.hu\/vorostorony-fogado-mor\/?page_id=24"},"modified":"2021-06-28T22:11:32","modified_gmt":"2021-06-28T20:11:32","slug":"kapcsolatcontact","status":"publish","type":"page","link":"https:\/\/www.vorostorony.hu\/vorostorony-fogado-mor\/kapcsolatcontact\/","title":{"rendered":"Kapcsolat-foglal\u00e1s\/Contact"},"content":{"rendered":"\n<p><strong>V\u00f6r\u00f6s Torony Fogad\u00f3<\/strong><br>8060 M\u00f3r, Nemes utca 19.<br>Telefon\/Fax: +36 (22) 408-088<br>info@vorostorony.hu, www.vorostorony.hu <br>GPS:  47.376225, 18.192724 <br>Megk\u00f6zel\u00edthet\u0151s\u00e9g, rept\u00e9rt\u0151l val\u00f3 t\u00e1vols\u00e1g: <a href=\"https:\/\/goo.gl\/maps\/E11paRyQ3fqCAbGa6\" target=\"_blank\" rel=\"noreferrer noopener\" aria-label=\"Google Maps Link (opens in a new tab)\">Google Maps Link<\/a><\/p>\n\n\n\n<iframe loading=\"lazy\" style=\"width:100%\" src=\"https:\/\/www.google.com\/maps\/embed?pb=!1m18!1m12!1m3!1d2701.832789674031!2d18.190527751290233!3d47.37618191175754!2m3!1f0!2f0!3f0!3m2!1i1024!2i768!4f13.1!3m3!1m2!1s0x476a2459a5c7f8ab%3A0x6e92578f35379b4c!2zVsO2csO2cyBUb3JvbnkgRm9nYWTDsw!5e0!3m2!1shu!2shu!4v1575570153690!5m2!1shu!2shu\" width=\"600\" height=\"450\" frameborder=\"0\" style=\"border:0;\" allowfullscreen=\"\"><\/iframe>\n\n\n\n<hr class=\"wp-block-separator\"\/>\n\n\n\n<h2 class=\"wp-block-heading\">L\u00e9pjen vel\u00fcnk kapcsolatba, foglaljon sz\u00e1ll\u00e1st:<\/h2>\n\n\n<p><div class=\"forminator-ui forminator-custom-form forminator-custom-form-1076 forminator-design--default  forminator_ajax\" data-forminator-render=\"0\" data-form=\"forminator-module-1076\" data-uid=\"69fe160ed9318\"><br\/><\/div><form\n\t\t\t\tid=\"forminator-module-1076\"\n\t\t\t\tclass=\"forminator-ui forminator-custom-form forminator-custom-form-1076 forminator-design--default  forminator_ajax\"\n\t\t\t\tmethod=\"post\"\n\t\t\t\tdata-forminator-render=\"0\"\n\t\t\t\tdata-form-id=\"1076\"\n\t\t\t\t data-color-option=\"default\" data-design=\"default\" data-grid=\"open\" style=\"display: none;\"\n\t\t\t\tdata-uid=\"69fe160ed9318\"\n\t\t\t><div role=\"alert\" aria-live=\"polite\" class=\"forminator-response-message forminator-error\" aria-hidden=\"true\"><\/div><div class=\"forminator-row\"><div id=\"name-1\" class=\"forminator-field-name forminator-col forminator-col-6 \"><div class=\"forminator-field\"><label for=\"forminator-field-name-1_69fe160ed9318\" id=\"forminator-field-name-1_69fe160ed9318-label\" class=\"forminator-label\">N\u00e9v <span class=\"forminator-required\">*<\/span><\/label><input type=\"text\" name=\"name-1\" value=\"\" placeholder=\"\" id=\"forminator-field-name-1_69fe160ed9318\" class=\"forminator-input forminator-name--field\" aria-required=\"true\" autocomplete=\"name\" \/><\/div><\/div><div id=\"email-1\" class=\"forminator-field-email forminator-col forminator-col-6 \"><div class=\"forminator-field\"><label for=\"forminator-field-email-1_69fe160ed9318\" id=\"forminator-field-email-1_69fe160ed9318-label\" class=\"forminator-label\">Email c\u00edm <span class=\"forminator-required\">*<\/span><\/label><input type=\"email\" name=\"email-1\" value=\"\" placeholder=\"\" id=\"forminator-field-email-1_69fe160ed9318\" class=\"forminator-input forminator-email--field\" data-required=\"true\" aria-required=\"true\" autocomplete=\"email\" \/><\/div><\/div><\/div><div class=\"forminator-row\"><div id=\"name-2\" class=\"forminator-field-name forminator-col forminator-col-6 \"><div class=\"forminator-field\"><label for=\"forminator-field-name-2_69fe160ed9318\" id=\"forminator-field-name-2_69fe160ed9318-label\" class=\"forminator-label\">C\u00edm<\/label><input type=\"text\" name=\"name-2\" value=\"\" placeholder=\"\" id=\"forminator-field-name-2_69fe160ed9318\" class=\"forminator-input forminator-name--field\" aria-required=\"false\" autocomplete=\"name\" aria-describedby=\"forminator-field-name-2_69fe160ed9318-description\" \/><span id=\"forminator-field-name-2_69fe160ed9318-description\" class=\"forminator-description\">Csak sz\u00e1ll\u00e1sfoglal\u00e1s eset\u00e9n t\u00f6ltse ki!<\/span><\/div><\/div><div id=\"phone-1\" class=\"forminator-field-phone forminator-col forminator-col-6 \"><div class=\"forminator-field\"><label for=\"forminator-field-phone-1_69fe160ed9318\" id=\"forminator-field-phone-1_69fe160ed9318-label\" class=\"forminator-label\">Telefonsz\u00e1m<\/label><input type=\"text\" name=\"phone-1\" value=\"\" placeholder=\"\" id=\"forminator-field-phone-1_69fe160ed9318\" class=\"forminator-input forminator-field--phone\" data-required=\"\" aria-required=\"false\" autocomplete=\"off\" data-validation=\"1\" aria-describedby=\"forminator-field-phone-1_69fe160ed9318-description\" \/><span id=\"forminator-field-phone-1_69fe160ed9318-description\" class=\"forminator-description\" id=\"forminator-field-phone-1_69fe160ed9318-description\">Sz\u00e1ll\u00e1sfoglal\u00e1s eset\u00e9n k\u00e9rej\u00fck adja meg a telefonsz\u00e1m\u00e1t!<\/span><\/div><\/div><\/div><div class=\"forminator-row\"><div id=\"number-1\" class=\"forminator-field-number forminator-col forminator-col-6 \"><div class=\"forminator-field\"><label for=\"forminator-field-number-1_69fe160ed9318\" id=\"forminator-field-number-1_69fe160ed9318-label\" class=\"forminator-label\">Ig\u00e9nyelt szob\u00e1k sz\u00e1ma<\/label><input name=\"number-1\" value=\"0\" placeholder=\"\" id=\"forminator-field-number-1_69fe160ed9318\" class=\"forminator-input forminator-number--field\" inputmode=\"decimal\" data-required=\"\" data-decimals=\"0\" aria-required=\"false\" data-inputmask=\"&#039;groupSeparator&#039;: &#039;&#039;, &#039;radixPoint&#039;: &#039;&#039;, &#039;digits&#039;: &#039;0&#039;\" type=\"number\" step=\"any\" min=\"0\" max=\"10\" \/><\/div><\/div><div id=\"select-1\" class=\"forminator-field-select forminator-col forminator-col-6 \"><div class=\"forminator-field\"><label for=\"forminator-form-1076__field--select-1_69fe160ed9318\" id=\"forminator-form-1076__field--select-1_69fe160ed9318-label\" class=\"forminator-label\">Ig\u00e9nyelt szob\u00e1k t\u00edpusa<\/label><select  id=\"forminator-form-1076__field--select-1_69fe160ed9318\" class=\"forminator-select--field forminator-select2 forminator-select2-multiple\" data-required=\"\" name=\"select-1\" data-default-value=\"Nincs szobafoglal\u00e1s\" data-placeholder=\"\" data-search=\"false\" data-search-placeholder=\"\" data-checkbox=\"false\" data-allow-clear=\"false\" aria-labelledby=\"forminator-form-1076__field--select-1_69fe160ed9318-label\"><option value=\"Nincs szobafoglal\u00e1s\" selected=\"selected\" data-calculation=\"0\">Nem k\u00edv\u00e1nok szob\u00e1t foglalni<\/option><option value=\"K\u00e9t \u00e1gyas szoba - reggelivel\"  data-calculation=\"0\">K\u00e9t \u00e1gyas szoba &#8211; reggelivel<\/option><option value=\"K\u00e9t \u00e1gyas szoba - reggeli n\u00e9lk\u00fcl\"  data-calculation=\"0\">K\u00e9t \u00e1gyas szoba &#8211; reggeli n\u00e9lk\u00fcl<\/option><option value=\"H\u00e1rom \u00e1gyas szoba - reggelivel\"  data-calculation=\"0\">H\u00e1rom \u00e1gyas szoba &#8211; reggelivel<\/option><option value=\"H\u00e1rom \u00e1gyas szoba - reggeli n\u00e9lk\u00fcl\"  data-calculation=\"0\">H\u00e1rom \u00e1gyas szoba &#8211; reggeli n\u00e9lk\u00fcl<\/option><\/select><\/div><\/div><\/div><div class=\"forminator-row\"><div id=\"date-1\" class=\"forminator-field-date forminator-col forminator-col-6 \"><div class=\"forminator-field\"><label for=\"forminator-field-date-1-picker_69fe160ed9318\" id=\"forminator-field-date-1-picker_69fe160ed9318-label\" class=\"forminator-label\">\u00c9rkez\u00e9s napja<\/label><input autocomplete=\"off\" type=\"text\" size=\"1\" name=\"date-1\" value=\"2026-05-08\" placeholder=\"V\u00e1lassza ki az \u00e9rkez\u00e9s napj\u00e1t!\" id=\"forminator-field-date-1-picker_69fe160ed9318\" class=\"forminator-input forminator-datepicker\" data-required=\"\" data-format=\"yy-mm-dd\" data-restrict-type=\"\" data-restrict=\"\" data-start-year=\"1926\" data-end-year=\"2126\" data-past-dates=\"enable\" data-start-of-week=\"1\" data-start-date=\"\" data-end-date=\"\" data-start-field=\"\" data-end-field=\"\" data-start-offset=\"\" data-end-offset=\"\" data-disable-date=\"\" data-disable-range=\"\" \/><\/div><\/div><div id=\"date-2\" class=\"forminator-field-date forminator-col forminator-col-6 \"><div class=\"forminator-field\"><label for=\"forminator-field-date-2-picker_69fe160ed9318\" id=\"forminator-field-date-2-picker_69fe160ed9318-label\" class=\"forminator-label\">T\u00e1voz\u00e1s napja<\/label><input autocomplete=\"off\" type=\"text\" size=\"1\" name=\"date-2\" value=\"05\/08\/2026\" placeholder=\"V\u00e1lassza ki a t\u00e1voz\u00e1s napj\u00e1t!\" id=\"forminator-field-date-2-picker_69fe160ed9318\" class=\"forminator-input forminator-datepicker\" data-required=\"\" data-format=\"mm\/dd\/yy\" data-restrict-type=\"\" data-restrict=\"\" data-start-year=\"1926\" data-end-year=\"2126\" data-past-dates=\"enable\" data-start-of-week=\"1\" data-start-date=\"\" data-end-date=\"\" data-start-field=\"\" data-end-field=\"\" data-start-offset=\"\" data-end-offset=\"\" data-disable-date=\"\" data-disable-range=\"\" \/><\/div><\/div><\/div><div class=\"forminator-row\"><div id=\"textarea-1\" class=\"forminator-field-textarea forminator-col forminator-col-12 \"><div class=\"forminator-field\"><label for=\"forminator-field-textarea-1_69fe160ed9318\" id=\"forminator-field-textarea-1_69fe160ed9318-label\" class=\"forminator-label\">Megjegyz\u00e9s<\/label><textarea name=\"textarea-1\" placeholder=\"K\u00e9rem \u00edrja ide, ha b\u00e1rmilyen \u00e9szrev\u00e9tele, megjegyz\u00e9se van a szobafoglal\u00e1ssal illetve az \u00e1raj\u00e1nlat k\u00e9r\u00e9ssel kapcsolatban!\" id=\"forminator-field-textarea-1_69fe160ed9318\" class=\"forminator-textarea\" rows=\"6\" style=\"--forminator-textarea-min-height:140px;\" maxlength=\"180\" ><\/textarea><span id=\"forminator-field-textarea-1_69fe160ed9318-description\" class=\"forminator-description\"><span data-limit=\"180\" data-type=\"characters\" data-editor=\"\">0 \/ 180<\/span><\/span><\/div><\/div><\/div><input type=\"hidden\" name=\"referer_url\" value=\"\" \/><div class=\"forminator-row forminator-row-last\"><div class=\"forminator-col\"><div class=\"forminator-field\"><button class=\"forminator-button forminator-button-submit\">&Uuml;zenet k&uuml;ld&eacute;se!<\/button><\/div><\/div><\/div><input type=\"hidden\" id=\"forminator_nonce\" name=\"forminator_nonce\" value=\"4d37b12739\" \/><input type=\"hidden\" name=\"_wp_http_referer\" value=\"\/vorostorony-fogado-mor\/wp-json\/wp\/v2\/pages\/24\" \/><input type=\"hidden\" name=\"form_id\" value=\"1076\"><input type=\"hidden\" name=\"page_id\" value=\"24\"><input type=\"hidden\" name=\"form_type\" value=\"\"><input type=\"hidden\" name=\"current_url\" value=\"https:\/\/www.vorostorony.hu\/vorostorony-fogado-mor\/kapcsolatcontact\/\"><input type=\"hidden\" name=\"render_id\" value=\"0\"><input type=\"hidden\" name=\"action\" value=\"forminator_submit_form_custom-forms\"><label for=\"input_10\" class=\"forminator-hidden\" aria-hidden=\"true\">Please do not fill in this field. <input id=\"input_10\" type=\"text\" name=\"input_10\" value=\"\" autocomplete=\"off\"><\/label><\/form><\/p>\n\n\n\n<p><\/p>\n","protected":false},"excerpt":{"rendered":"<p>V\u00f6r\u00f6s Torony Fogad\u00f38060 M\u00f3r, Nemes utca 19.Telefon\/Fax: +36 (22) 408-088info@vorostorony.hu, www.vorostorony.hu GPS: 47.376225, 18.192724 Megk\u00f6zel\u00edthet\u0151s\u00e9g, rept\u00e9rt\u0151l val\u00f3 t\u00e1vols\u00e1g: Google Maps Link L\u00e9pjen vel\u00fcnk kapcsolatba, foglaljon sz\u00e1ll\u00e1st:<\/p>\n","protected":false},"author":12,"featured_media":0,"parent":0,"menu_order":5,"comment_status":"closed","ping_status":"closed","template":"","meta":{"footnotes":""},"class_list":["post-24","page","type-page","status-publish","hentry"],"_links":{"self":[{"href":"https:\/\/www.vorostorony.hu\/vorostorony-fogado-mor\/wp-json\/wp\/v2\/pages\/24","targetHints":{"allow":["GET"]}}],"collection":[{"href":"https:\/\/www.vorostorony.hu\/vorostorony-fogado-mor\/wp-json\/wp\/v2\/pages"}],"about":[{"href":"https:\/\/www.vorostorony.hu\/vorostorony-fogado-mor\/wp-json\/wp\/v2\/types\/page"}],"author":[{"embeddable":true,"href":"https:\/\/www.vorostorony.hu\/vorostorony-fogado-mor\/wp-json\/wp\/v2\/users\/12"}],"replies":[{"embeddable":true,"href":"https:\/\/www.vorostorony.hu\/vorostorony-fogado-mor\/wp-json\/wp\/v2\/comments?post=24"}],"version-history":[{"count":0,"href":"https:\/\/www.vorostorony.hu\/vorostorony-fogado-mor\/wp-json\/wp\/v2\/pages\/24\/revisions"}],"wp:attachment":[{"href":"https:\/\/www.vorostorony.hu\/vorostorony-fogado-mor\/wp-json\/wp\/v2\/media?parent=24"}],"curies":[{"name":"wp","href":"https:\/\/api.w.org\/{rel}","templated":true}]}}