{"id":1095,"date":"2020-07-16T14:33:31","date_gmt":"2020-07-16T12:33:31","guid":{"rendered":"https:\/\/www.vorostorony.hu\/vorostorony-fogado-mor\/?page_id=1095"},"modified":"2021-06-28T22:00:52","modified_gmt":"2021-06-28T20:00:52","slug":"szallashelyfejlesztes-es-szolgaltatasi-szinvonal-novelese","status":"publish","type":"page","link":"https:\/\/www.vorostorony.hu\/vorostorony-fogado-mor\/szallashelyfejlesztes-es-szolgaltatasi-szinvonal-novelese\/","title":{"rendered":"Sz\u00e1ll\u00e1shelyfejleszt\u00e9s \u00e9s szolg\u00e1ltat\u00e1si sz\u00ednvonal n\u00f6vel\u00e9se"},"content":{"rendered":"\n<p><strong>Kedvezm\u00e9nyezett neve:<\/strong> Lencs\u00e9s Erika Ev<br><strong>A projekt c\u00edme:<\/strong> V\u00f6r\u00f6s Torony Fogad\u00f3 sz\u00e1ll\u00e1shelyfejleszt\u00e9se \u00e9s szolg\u00e1ltat\u00e1si sz\u00ednvonal\u00e1nak n\u00f6vel\u00e9se<br><strong>A szerz\u0151d\u00f6tt t\u00e1mogat\u00e1s \u00f6sszege:<\/strong> 7 473&nbsp;589,- Ft<br><strong>A t\u00e1mogat\u00e1s m\u00e9rt\u00e9ke (%-ban): <\/strong>70%<br><strong>Projekt azonos\u00edt\u00f3sz\u00e1ma:<\/strong> TFC-1-1-1-2017-2018-00616<br><strong>Projekt megval\u00f3s\u00edt\u00e1s kezdete:<\/strong> 2019.01.25.<br><strong>Projekt z\u00e1r\u00f3 d\u00e1tuma:<\/strong> 2020.03.31.<\/p>\n\n\n\n<h3 class=\"wp-block-heading\">A projekt tartalm\u00e1nak bemutat\u00e1sa<\/h3>\n\n\n\n<p>A projekt keret\u00e9ben a V\u00f6r\u00f6s Torony Fogad\u00f3ban sor ker\u00fclt az \u00e9p\u00fclet k\u00fcls\u0151 fel\u00faj\u00edt\u00e1s\u00e1ra, valamint a f\u00fcrd\u0151szob\u00e1k \u00e9s szob\u00e1k teljes k\u00f6r\u0171 fel\u00faj\u00edt\u00e1s\u00e1ra a min\u0151s\u00e9g \u00e9s szolg\u00e1ltat\u00e1si sz\u00ednvonal emel\u00e9se \u00e9rdek\u00e9ben. A projekt r\u00e9sz\u00e9t k\u00e9pezte egy \u00faj szoba kialak\u00edt\u00e1sa a kapacit\u00e1sn\u00f6vel\u00e9s \u00e9rdek\u00e9ben.<\/p>\n\n\n\n<p>A projekt megval\u00f3s\u00edt\u00e1sa sor\u00e1n a f\u00e9r\u0151helyek n\u00f6vel\u00e9se mellett, b\u0151v\u00fclt a szolg\u00e1ltat\u00e1sok sz\u00e1ma \u00e9s min\u0151s\u00e9ge is. A beruh\u00e1z\u00e1s keret\u00e9ben sor ker\u00fclt a szob\u00e1k sz\u00ednvonal\u00e1nak n\u00f6vel\u00e9se \u00e9rdek\u00e9ben \u00faj \u00e1gyak \u00e9s TV-k beszerz\u00e9s\u00e9re, valamint a komfortfokozat n\u00f6vel\u00e9se \u00e9rdek\u00e9ben egy \u00faj konyhar\u00e9sz ker\u00fclt kialak\u00edt\u00e1sra.<\/p>\n\n\n\n<p>A fejleszt\u00e9s hozz\u00e1j\u00e1rult a h\u00e1rom csillagos min\u0151s\u00edt\u00e9s megtart\u00e1s\u00e1hoz, valamint a 3* min\u0151s\u00edt\u00e9s el\u00e9r\u00e9s\u00e9hez.<\/p>\n\n\n\n<p>A fejleszt\u00e9s lehet\u0151v\u00e9 teszi, hogy vend\u00e9geink ig\u00e9nyeit magasabb sz\u00ednvonalon el\u00e9g\u00edts\u00fck ki, tov\u00e1bb\u00e1 ahhoz, hogy \u00faj c\u00e9lk\u00f6z\u00f6ns\u00e9get sz\u00f3l\u00edtsunk meg \u00faj szolg\u00e1ltat\u00e1saink bevezet\u00e9se r\u00e9v\u00e9n. A projekt megval\u00f3s\u00edt\u00e1s\u00e1t k\u00f6vet\u0151en szeretettel v\u00e1rjuk a sz\u00e1ll\u00e1shelyet keres\u0151ket, az akt\u00edv turizmus szerelmeseit, a kisgyermekes csal\u00e1dokat, a gasztroturizmus-borturizmus \u00e9s kultur\u00e1lis turizmus ut\u00e1n \u00e9rdekl\u0151d\u0151ket, valamint mindazon c\u00e9geket \u00e9s v\u00e1llalkoz\u00e1sokat, melyek k\u00fcls\u0151 helysz\u00ednen tartanak k\u00e9pz\u00e9seket, konferenci\u00e1kat, csapat\u00e9p\u00edt\u0151 tr\u00e9ningeket.<\/p>\n\n\n\n<p>A t\u00e1mogatott projekt a Kisfaludy Turisztikai Fejleszt\u00e9si Program keret\u00e9ben val\u00f3sul meg.<\/p>\n\n\n\n<figure class=\"wp-block-image size-large\"><img loading=\"lazy\" decoding=\"async\" width=\"800\" height=\"179\" src=\"https:\/\/www.vorostorony.hu\/vorostorony-fogado-mor\/wp-content\/uploads\/wow_banner_fekvo_szoveg_v2-800x179.png\" alt=\"\" class=\"wp-image-1099\" srcset=\"https:\/\/www.vorostorony.hu\/vorostorony-fogado-mor\/wp-content\/uploads\/wow_banner_fekvo_szoveg_v2-800x179.png 800w, https:\/\/www.vorostorony.hu\/vorostorony-fogado-mor\/wp-content\/uploads\/wow_banner_fekvo_szoveg_v2-150x33.png 150w, https:\/\/www.vorostorony.hu\/vorostorony-fogado-mor\/wp-content\/uploads\/wow_banner_fekvo_szoveg_v2-768x171.png 768w, https:\/\/www.vorostorony.hu\/vorostorony-fogado-mor\/wp-content\/uploads\/wow_banner_fekvo_szoveg_v2-1536x343.png 1536w, https:\/\/www.vorostorony.hu\/vorostorony-fogado-mor\/wp-content\/uploads\/wow_banner_fekvo_szoveg_v2-2048x457.png 2048w\" sizes=\"auto, (max-width: 800px) 100vw, 800px\" \/><\/figure>\n\n\n\n<figure class=\"wp-block-gallery columns-3 is-cropped wp-block-gallery-1 is-layout-flex wp-block-gallery-is-layout-flex\"><ul class=\"blocks-gallery-grid\"><li class=\"blocks-gallery-item\"><figure><a href=\"https:\/\/www.vorostorony.hu\/vorostorony-fogado-mor\/wp-content\/uploads\/homlokzat-3.jpg\" data-rel=\"lightbox-gallery-SciI10ZH\" data-rl_title=\"\" data-rl_caption=\"\" title=\"\"><img loading=\"lazy\" decoding=\"async\" width=\"531\" height=\"702\" src=\"https:\/\/www.vorostorony.hu\/vorostorony-fogado-mor\/wp-content\/uploads\/homlokzat-3.jpg\" alt=\"\" data-id=\"1105\" data-full-url=\"https:\/\/www.vorostorony.hu\/vorostorony-fogado-mor\/wp-content\/uploads\/homlokzat-3.jpg\" data-link=\"https:\/\/www.vorostorony.hu\/vorostorony-fogado-mor\/szallashelyfejlesztes-es-szolgaltatasi-szinvonal-novelese\/homlokzat-3\/\" class=\"wp-image-1105\" srcset=\"https:\/\/www.vorostorony.hu\/vorostorony-fogado-mor\/wp-content\/uploads\/homlokzat-3.jpg 531w, https:\/\/www.vorostorony.hu\/vorostorony-fogado-mor\/wp-content\/uploads\/homlokzat-3-113x150.jpg 113w\" sizes=\"auto, (max-width: 531px) 100vw, 531px\" \/><\/a><\/figure><\/li><li class=\"blocks-gallery-item\"><figure><a href=\"https:\/\/www.vorostorony.hu\/vorostorony-fogado-mor\/wp-content\/uploads\/homlokzat-1.jpg\" data-rel=\"lightbox-gallery-SciI10ZH\" data-rl_title=\"\" data-rl_caption=\"\" title=\"\"><img loading=\"lazy\" decoding=\"async\" width=\"800\" height=\"597\" src=\"https:\/\/www.vorostorony.hu\/vorostorony-fogado-mor\/wp-content\/uploads\/homlokzat-1.jpg\" alt=\"\" data-id=\"1103\" data-full-url=\"https:\/\/www.vorostorony.hu\/vorostorony-fogado-mor\/wp-content\/uploads\/homlokzat-1.jpg\" data-link=\"https:\/\/www.vorostorony.hu\/vorostorony-fogado-mor\/szallashelyfejlesztes-es-szolgaltatasi-szinvonal-novelese\/homlokzat-1\/\" class=\"wp-image-1103\" srcset=\"https:\/\/www.vorostorony.hu\/vorostorony-fogado-mor\/wp-content\/uploads\/homlokzat-1.jpg 800w, https:\/\/www.vorostorony.hu\/vorostorony-fogado-mor\/wp-content\/uploads\/homlokzat-1-150x112.jpg 150w, https:\/\/www.vorostorony.hu\/vorostorony-fogado-mor\/wp-content\/uploads\/homlokzat-1-768x573.jpg 768w\" sizes=\"auto, (max-width: 800px) 100vw, 800px\" \/><\/a><\/figure><\/li><li class=\"blocks-gallery-item\"><figure><a href=\"https:\/\/www.vorostorony.hu\/vorostorony-fogado-mor\/wp-content\/uploads\/homlokzat-2.jpg\" data-rel=\"lightbox-gallery-SciI10ZH\" data-rl_title=\"\" data-rl_caption=\"\" title=\"\"><img loading=\"lazy\" decoding=\"async\" width=\"727\" height=\"541\" src=\"https:\/\/www.vorostorony.hu\/vorostorony-fogado-mor\/wp-content\/uploads\/homlokzat-2.jpg\" alt=\"\" data-id=\"1104\" data-full-url=\"https:\/\/www.vorostorony.hu\/vorostorony-fogado-mor\/wp-content\/uploads\/homlokzat-2.jpg\" data-link=\"https:\/\/www.vorostorony.hu\/vorostorony-fogado-mor\/szallashelyfejlesztes-es-szolgaltatasi-szinvonal-novelese\/homlokzat-2\/\" class=\"wp-image-1104\" srcset=\"https:\/\/www.vorostorony.hu\/vorostorony-fogado-mor\/wp-content\/uploads\/homlokzat-2.jpg 727w, https:\/\/www.vorostorony.hu\/vorostorony-fogado-mor\/wp-content\/uploads\/homlokzat-2-150x112.jpg 150w\" sizes=\"auto, (max-width: 727px) 100vw, 727px\" \/><\/a><\/figure><\/li><\/ul><\/figure>\n","protected":false},"excerpt":{"rendered":"<p>Kedvezm\u00e9nyezett neve: Lencs\u00e9s Erika EvA projekt c\u00edme: V\u00f6r\u00f6s Torony Fogad\u00f3 sz\u00e1ll\u00e1shelyfejleszt\u00e9se \u00e9s szolg\u00e1ltat\u00e1si sz\u00ednvonal\u00e1nak n\u00f6vel\u00e9seA szerz\u0151d\u00f6tt t\u00e1mogat\u00e1s \u00f6sszege: 7 473&nbsp;589,- FtA t\u00e1mogat\u00e1s m\u00e9rt\u00e9ke (%-ban): 70%Projekt azonos\u00edt\u00f3sz\u00e1ma: TFC-1-1-1-2017-2018-00616Projekt megval\u00f3s\u00edt\u00e1s kezdete: 2019.01.25.Projekt z\u00e1r\u00f3 d\u00e1tuma: 2020.03.31. A projekt tartalm\u00e1nak bemutat\u00e1sa A projekt keret\u00e9ben &hellip; <a href=\"https:\/\/www.vorostorony.hu\/vorostorony-fogado-mor\/szallashelyfejlesztes-es-szolgaltatasi-szinvonal-novelese\/\">Egy kattint\u00e1s ide a folytat\u00e1shoz&#8230;. <span class=\"meta-nav\">&rarr;<\/span><\/a><\/p>\n","protected":false},"author":12,"featured_media":0,"parent":0,"menu_order":0,"comment_status":"closed","ping_status":"closed","template":"","meta":{"footnotes":""},"class_list":["post-1095","page","type-page","status-publish","hentry"],"_links":{"self":[{"href":"https:\/\/www.vorostorony.hu\/vorostorony-fogado-mor\/wp-json\/wp\/v2\/pages\/1095","targetHints":{"allow":["GET"]}}],"collection":[{"href":"https:\/\/www.vorostorony.hu\/vorostorony-fogado-mor\/wp-json\/wp\/v2\/pages"}],"about":[{"href":"https:\/\/www.vorostorony.hu\/vorostorony-fogado-mor\/wp-json\/wp\/v2\/types\/page"}],"author":[{"embeddable":true,"href":"https:\/\/www.vorostorony.hu\/vorostorony-fogado-mor\/wp-json\/wp\/v2\/users\/12"}],"replies":[{"embeddable":true,"href":"https:\/\/www.vorostorony.hu\/vorostorony-fogado-mor\/wp-json\/wp\/v2\/comments?post=1095"}],"version-history":[{"count":0,"href":"https:\/\/www.vorostorony.hu\/vorostorony-fogado-mor\/wp-json\/wp\/v2\/pages\/1095\/revisions"}],"wp:attachment":[{"href":"https:\/\/www.vorostorony.hu\/vorostorony-fogado-mor\/wp-json\/wp\/v2\/media?parent=1095"}],"curies":[{"name":"wp","href":"https:\/\/api.w.org\/{rel}","templated":true}]}}